{"id":3,"date":"2021-05-04T11:57:47","date_gmt":"2021-05-04T11:57:47","guid":{"rendered":"http:\/\/www.personalphotographerflorence.com\/?page_id=3"},"modified":"2021-09-16T08:27:53","modified_gmt":"2021-09-16T08:27:53","slug":"privacy-policy","status":"publish","type":"page","link":"https:\/\/www.personalphotographerflorence.com\/en\/privacy-policy\/","title":{"rendered":"Privacy Policy"},"content":{"rendered":"[et_pb_section fb_built=&#8221;1&#8243; admin_label=&#8221;section&#8221; _builder_version=&#8221;3.22&#8243; global_colors_info=&#8221;{}&#8221;][et_pb_row admin_label=&#8221;row&#8221; _builder_version=&#8221;3.25&#8243; background_size=&#8221;initial&#8221; background_position=&#8221;top_left&#8221; background_repeat=&#8221;repeat&#8221; global_colors_info=&#8221;{}&#8221;][et_pb_column type=&#8221;4_4&#8243; _builder_version=&#8221;3.25&#8243; custom_padding=&#8221;|||&#8221; global_colors_info=&#8221;{}&#8221; custom_padding__hover=&#8221;|||&#8221;][et_pb_text admin_label=&#8221;Text&#8221; _builder_version=&#8221;4.10.7&#8243; background_size=&#8221;initial&#8221; background_position=&#8221;top_left&#8221; background_repeat=&#8221;repeat&#8221; hover_enabled=&#8221;0&#8243; global_colors_info=&#8221;{}&#8221; sticky_enabled=&#8221;0&#8243; text_font=&#8221;Nunito Sans||||||||&#8221; text_font_size=&#8221;15px&#8221;]<p><\/p>\n<div class=\"et_pb_module et_pb_text et_pb_text_1  et_pb_text_align_left et_pb_bg_layout_light\">\n<div class=\"et_pb_text_inner\">\n<h2 class=\"wp-block-heading\">PRIVACY POLICY<\/h2>\n<\/div>\n<\/div>\n<div class=\"et_pb_module et_pb_text et_pb_text_2  et_pb_text_align_left et_pb_bg_layout_light\">\n<div class=\"et_pb_text_inner\">\n<p>Privacy Policy \u201cgenerale\u201d rivolta ai navigatori del Sito www.personalphotographerflorence.com<\/p>\n<p>RESA AI SENSI DELl\u2019ART. 13 DEL D.LGS. 196\/2003<\/p>\n<p>Il D. Lgs 196\/2003, denominato \u201cCodice in materia di protezione dei dati personali\u201d, riunisce in un unico contesto la Legge 675\/1996 e gli altri decreti legislativi, regolamenti e codici deontologici che si sono succeduti in questi anni in tema di trattamento dei dati personali.<\/p>\n<p>Le indicazioni fornite di seguito si ispirano anche alla Raccomandazione n. 2\/2001 del Gruppo dei Garanti Europei per la protezione dei dati personali adottata il 17 maggio 2001 ex art. 29 della direttiva n. 95\/46\/CE, riguardano la raccolta di dati personali su Internet e si prefiggono di identificare le misure minime che dovranno essere attuate nei confronti delle persone interessate per garantire la lealt\u00e0 e la liceit\u00e0 di tali pratiche ( in applicazione degli articoli 6, 7, 10 e 11 della direttiva 95\/46\/CE).<\/p>\n<p>Secondo la normativa indicata, il trattamento dei dati da Lei forniti, deve essere improntato ai principi di correttezza, liceit\u00e0, finalit\u00e0, qualit\u00e0, pertinenza, non eccedenza e trasparenza, nel rispetto dei diritti e delle libert\u00e0 fondamentali nonch\u00e9 della dignit\u00e0 dell\u2019Interessato, con particolare riferimento alla tutela della riservatezza e dell\u2019identit\u00e0\u2019 personale, nonch\u00e9 al diritto alla protezione dei Suoi dati personali.<br \/>Allo stesso modo il Decreto citato garantisce i diritti delle persone giuridiche e d\u2019ogni altro ente o associazione.<br \/>La salvaguardia della riservatezza dei dati personali dei nostri interlocutori \u00e8 un nostro impegno primario.<br \/>La presente informativa \u00e8 resa ai sensi dell\u2019art. 13 del D. Lgs 196\/2003 relativamente ai dati forniti da tutti coloro che interagiscono con i servizi web accessibili per via telematica a partire dall\u2019indirizzo:<br \/><a href=\"https:\/\/www.personalphotographerflorence.com\/\">https:\/\/www.personalphotographerflorence.com<\/a><br \/>corrispondente alla pagina iniziale del Sito ufficiale di \u201cPersonal Photographer Florence\u201d (d\u2019ora in poi anche \u201cPersonal Photographer Florence\u201d o \u201clibero professionista\u201d).<br \/>L\u2019informativa \u00e8 resa solo per il sito in oggetto e non anche per altri siti web eventualmente consultabili dall\u2019utente tramite link.<br \/>Pertanto, tutto ci\u00f2 premesso, ai sensi dell\u2019art. 13 del D.lgs. n.196\/2003, Mocali Ilaria, in qualit\u00e0 di Titolare del trattamento, nella persona del legale rappresentante, Sig.ra Ilaria Mocali, Le fornisce le seguenti informazioni:<br \/>A seguito della consultazione di questo sito possono essere trattati dati relativi a persone identificate o identificabili.<\/p>\n<p>Il Titolare del Trattamento \u00e8:<br \/>Ilaria Mocali<br \/>Sede Legale: Localit\u00e0 Lucigliano, 17\/B, 50038 Scarperia San Piero Firenze<br \/>P.IVA 06840350489 C.F. MCLLRI70B58D612M<br \/>e_mail:<strong><a href=\"mailto:info@personalphotographerflorence.it\">info@personalphotographerflorence.it<\/a>\u00a0<\/strong><\/p>\n<p>Responsabili ed Incaricati:<br \/>La Lista dei Responsabili e degli Incaricati \u00e8 disponibile a richiesta presso la sede della societ\u00e0<\/p>\n<p>Luogo di trattamento dei dati e loro diffusione:<br \/>I trattamenti relativi al Sito sopra indicato hanno luogo presso la predetta sede del Titolare e sono curati dal Titolare e da soggetti all\u2019uopo incaricati.<\/p>\n<p>Tipi di dati trattati:<\/p>\n<p>Dati di navigazione<br \/>I sistemi informatici e le procedure software preposte al funzionamento di questo sito web acquisiscono, nel corso del loro normale esercizio, alcuni dati personali la cui trasmissione \u00e8 implicita nell\u2019uso dei protocolli di comunicazione di Internet.<br \/>Si tratta di informazioni che non sono raccolte per essere associate a interessati identificati, ma che per loro stessa natura potrebbero, attraverso elaborazioni ed associazioni con dati detenuti da terzi, permettere di identificare gli utenti.<br \/>In questa categoria di dati rientrano gli indirizzi IP o i nomi a dominio dei computer utilizzati dagli utenti che si connettono al sito, gli indirizzi in notazione URI (Uniform Resource Identifier) delle risorse richieste, l\u2019orario della richiesta, il metodo utilizzato nel sottoporre la richiesta al server, la dimensione del file ottenuto in risposta, il codice numerico indicante lo stato della risposta data dal server (buon fine, errore, ecc.) ed altri parametri relativi al sistema operativo e all\u2019ambiente informatico dell\u2019utente.<br \/>Questi dati vengono utilizzati al solo fine di ricavare informazioni statistiche anonime sull\u2019uso del sito e per controllarne il corretto funzionamento e vengono cancellati immediatamente dopo l\u2019elaborazione. I dati potrebbero essere utilizzati per l\u2019accertamento di responsabilit\u00e0 in caso di ipotetici reati informatici ai danni del Sito: salva questa eventualit\u00e0, allo stato i dati sui contatti web non persistono per pi\u00f9 di sette giorni<\/p>\n<p>Dati forniti volontariamente dall\u2019utente:<br \/>L\u2019invio facoltativo, esplicito e volontario di posta elettronica agli indirizzi indicati su questo Sito comporta la successiva acquisizione dell\u2019indirizzo del mittente, necessario unicamente per rispondere alle richieste, nonch\u00e9 degli eventuali altri dati personali inseriti nella missiva.<br \/>Pi\u00f9 precisamente, i dati personali sopra riportati saranno utilizzati dal Titolare per rispondere alla richiesta di contatto e trattati per le finalit\u00e0 connesse a quanto indicato e richiesto tramite l\u2019 apposita area .<br \/>Specifiche informative di sintesi verranno progressivamente riportate o visualizzate nelle pagine del sito predisposte per particolari servizi, se i medesimi verranno in futuro implementati.<br \/>\u00c8 fatto divieto ai Navigatori di inviare via email dati qualificabili come sensibili ovvero idonei a rivelare l\u2019origine razziale ed etnica, le convinzioni religiose, filosofiche o di altro genere, le opinioni politiche, l\u2019adesione a partiti, sindacati, associazioni od organizzazioni a carattere religioso, filosofico, politico o sindacale, nonch\u00e9 i dati personali idonei a rivelare lo stato di salute e la vita sessuale.<\/p>\n<p>Cookies:<br \/>S\u2019intende per cookie un elemento testuale che viene inserito nel disco fisso di un computer solo in seguito ad autorizzazione. Se si acconsente, dunque, il testo viene scaricato in un file di piccole dimensioni. Questi cookies hanno la funzione di snellire l\u2019analisi del traffico sul Web o di segnalare quando un sito specifico viene visitato e consentono alle applicazioni Web di inviare informazioni a singoli utenti o di consentire il \u201clogin automatico\u201d in aree riservate.<br \/>Si fa presente che non viene fatto uso di cookies per la trasmissione di informazioni di carattere personale.<br \/>Il presente sito utilizza i c.d. cookies di sessione (che non vengono memorizzati in modo persistente sul computer dell\u2019utente e svaniscono con la chiusura del browser)<\/p>\n<p>Lista di referenze:<br \/>I dati dei terzi comunicati a Mocali Ilaria sono trattati nel rispetto dei principi di cui al D.Lgs. n. 196\/2003, detti soggetti sono stati previamente contattati dal Titolare ed \u00e8 stato acquisito, in forma orale o scritta dove necessario, il consenso alla diffusione dei dati personali conferiti dai medesimi. Detti dati saranno conservati per il tempo necessario agli scopi propri della raccolta. Ciascun interessato pu\u00f2, in qualsiasi momento, avanzare una richiesta ex art. 7 del D.Lgs. n. 196\/2003, il Titolare provveder\u00e0 nei termini di legge.<\/p>\n<p>Facoltativit\u00e0 del conferimento dei dati:<br \/>A parte quanto specificato per i dati di navigazione, l\u2019utente \u00e8 libero di fornire i dati personali mediante gli indirizzi indicati sul Sito per sollecitare l\u2019invio di informazioni o di altre comunicazioni.<br \/>Il loro mancato conferimento pu\u00f2 comportare l\u2019impossibilit\u00e0 di ottenere quanto richiesto.<br \/>Si avverte che il Titolare non potr\u00e0 evadere la richiesta di contatto, qualora l\u2019interessato non presti il suo consenso al trattamento dei dati inseriti, almeno per le finalit\u00e0 e con le modalit\u00e0 e i tempi indicati nella presente informativa.<\/p>\n<p>Modalit\u00e0 del trattamento:<br \/>I dati personali sono trattati, esclusivamente da personale incaricato, con strumenti automatizzati per il tempo strettamente necessario a conseguire gli scopi per cui sono stati raccolti.<br \/>Le predette informazioni saranno inserite in una banca dati elettronica sino al momento dell\u2019evasione della richiesta da parte del Titolare e della conclusione delle eventuali attivit\u00e0 connesse.<br \/>Specifiche misure di sicurezza sono osservate per prevenire la perdita dei dati, usi illeciti o non corretti ed accessi non autorizzati.<br \/>Si avverte che l\u2019eventuale trasmissione di dati tramite Internet non pu\u00f2 raggiungere di sicurezza assoluti. Pertanto \u00e8 onere dell\u2019Utente verificare la correttezza dei dati personali che lo riguardano ed, eventualmente, procedere alla rettifica, aggiornamento o, comunque, modifica dei dati nel corso del trattamento. E\u2019 altres\u00ec onere dell\u2019Utente adottare le opportune misure di sicurezza al fine di scongiurare il pericolo d\u2019intercettazione, perdita, alterazione o distruzione dei messaggi di posta elettronica.<\/p>\n<p>Comunicazione dei dati:<br \/>I dati personali potranno essere comunicati agli incaricati del trattamento e, per la finalit\u00e0 indicate precedentemente, a collaboratori esterni, a soggetti operanti in settori di interesse privacy o informatico, alle controparti contrattuali e relativi difensori e, in genere, a tutti quei soggetti cui la comunicazione sia necessaria per il corretto adempimento della finalit\u00e0 indicata.<\/p>\n<p>Diffusione dei dati:<br \/>I dati personali trattati mediante il presente Sito, nei limiti di quanto indicato, non sono soggetti a diffusione.<\/p>\n<p>Diritti degli Interessati:<br \/>L\u2019art. 7 del Codice conferisce all\u2019Interessato l\u2019esercizio di specifici diritti.<br \/>In particolare, il diritto di ottenere dal titolare del trattamento dei dati la conferma dell\u2019esistenza o meno di dati personali che lo riguardano e la messa a disposizione dei medesimi in forma intelligibile; il diritto di conoscere l\u2019origine dei dati, la logica e le finalit\u00e0 su cui si basa il loro trattamento; il diritto di conoscere i soggetti o le categorie di soggetti cui i dati possono essere comunicati, anche in qualit\u00e0 di Responsabili e\/o Incaricati, nonch\u00e9 gli estremi identificativi dei medesimi; il diritto di ottenere l\u2019aggiornamento, la rettificazione o, qualora l\u2019Interessato vi abbia interesse, l\u2019integrazione dei dati medesimi, come pure la cancellazione, la trasformazione in forma anonima o il blocco dei dati trattati in violazione della legge; il diritto ad avere l\u2019attestazione che le operazioni predette sono state portate a conoscenza, anche per quanto riguarda il loro contenuto, di coloro a cui i dati sono stati comunicati, salvo il caso in cui tali adempimenti siano impossibili o richiedano mezzi manifestamente sproporzionati rispetto al diritto tutelato; il diritto di opporsi in tutto o in parte, per motivi legittimi, al trattamento dei dati personali che lo riguardano ancorch\u00e9 pertinenti allo scopo della raccolta; nonch\u00e9 il diritto di opporsi in tutto o in parte al trattamento previsto ai fini di informazione o di invio di materiale informativo.<\/p>\n<p>Per le richieste relative ai diritti previsti dall\u2019art. 7 del codice Privacy e per ogni ulteriore informazione relativa, La preghiamo di utilizzare il seguente indirizzo:<\/p>\n<p><strong>info@personalphotographerflorence.it<\/strong><\/p>\n<p>Si prega di indicare, nell\u2019oggetto, che si tratta di una richiesta ex art. 7 del D.Lgs. 196\/2003 e di allegare copia di un documento valido ai fini del riconosciment<\/p>\n<\/div>\n<\/div>\n<p><\/p>[\/et_pb_text][\/et_pb_column][\/et_pb_row][\/et_pb_section]","protected":false},"excerpt":{"rendered":"<p>PRIVACY POLICY Privacy Policy \u201cgenerale\u201d rivolta ai navigatori del Sito www.personalphotographerflorence.com RESA AI SENSI DELl\u2019ART. 13 DEL D.LGS. 196\/2003 Il D. Lgs 196\/2003, denominato \u201cCodice in materia di protezione dei dati personali\u201d, riunisce in un unico contesto la Legge 675\/1996 e gli altri decreti legislativi, regolamenti e codici deontologici che si sono succeduti in questi [&hellip;]<\/p>\n","protected":false},"author":1,"featured_media":0,"parent":0,"menu_order":0,"comment_status":"closed","ping_status":"closed","template":"","meta":{"_et_pb_use_builder":"on","_et_pb_old_content":"<!-- wp:heading --><h2>Who we are<\/h2><!-- \/wp:heading --><!-- wp:paragraph --><p><strong class=\"privacy-policy-tutorial\">Suggested text: <\/strong>Our website address is: http:\/\/www.personalphotographerflorence.com.<\/p><!-- \/wp:paragraph --><!-- wp:heading --><h2>Comments<\/h2><!-- \/wp:heading --><!-- wp:paragraph --><p><strong class=\"privacy-policy-tutorial\">Suggested text: <\/strong>When visitors leave comments on the site we collect the data shown in the comments form, and also the visitor&#8217;s IP address and browser user agent string to help spam detection.<\/p><!-- \/wp:paragraph --><!-- wp:paragraph --><p>An anonymized string created from your email address (also called a hash) may be provided to the Gravatar service to see if you are using it. The Gravatar service privacy policy is available here: https:\/\/automattic.com\/privacy\/. After approval of your comment, your profile picture is visible to the public in the context of your comment.<\/p><!-- \/wp:paragraph --><!-- wp:heading --><h2>Media<\/h2><!-- \/wp:heading --><!-- wp:paragraph --><p><strong class=\"privacy-policy-tutorial\">Suggested text: <\/strong>If you upload images to the website, you should avoid uploading images with embedded location data (EXIF GPS) included. Visitors to the website can download and extract any location data from images on the website.<\/p><!-- \/wp:paragraph --><!-- wp:heading --><h2>Cookies<\/h2><!-- \/wp:heading --><!-- wp:paragraph --><p><strong class=\"privacy-policy-tutorial\">Suggested text: <\/strong>If you leave a comment on our site you may opt-in to saving your name, email address and website in cookies. These are for your convenience so that you do not have to fill in your details again when you leave another comment. These cookies will last for one year.<\/p><!-- \/wp:paragraph --><!-- wp:paragraph --><p>If you visit our login page, we will set a temporary cookie to determine if your browser accepts cookies. This cookie contains no personal data and is discarded when you close your browser.<\/p><!-- \/wp:paragraph --><!-- wp:paragraph --><p>When you log in, we will also set up several cookies to save your login information and your screen display choices. Login cookies last for two days, and screen options cookies last for a year. If you select &quot;Remember Me&quot;, your login will persist for two weeks. If you log out of your account, the login cookies will be removed.<\/p><!-- \/wp:paragraph --><!-- wp:paragraph --><p>If you edit or publish an article, an additional cookie will be saved in your browser. This cookie includes no personal data and simply indicates the post ID of the article you just edited. It expires after 1 day.<\/p><!-- \/wp:paragraph --><!-- wp:heading --><h2>Embedded content from other websites<\/h2><!-- \/wp:heading --><!-- wp:paragraph --><p><strong class=\"privacy-policy-tutorial\">Suggested text: <\/strong>Articles on this site may include embedded content (e.g. videos, images, articles, etc.). Embedded content from other websites behaves in the exact same way as if the visitor has visited the other website.<\/p><!-- \/wp:paragraph --><!-- wp:paragraph --><p>These websites may collect data about you, use cookies, embed additional third-party tracking, and monitor your interaction with that embedded content, including tracking your interaction with the embedded content if you have an account and are logged in to that website.<\/p><!-- \/wp:paragraph --><!-- wp:heading --><h2>Who we share your data with<\/h2><!-- \/wp:heading --><!-- wp:paragraph --><p><strong class=\"privacy-policy-tutorial\">Suggested text: <\/strong>If you request a password reset, your IP address will be included in the reset email.<\/p><!-- \/wp:paragraph --><!-- wp:heading --><h2>How long we retain your data<\/h2><!-- \/wp:heading --><!-- wp:paragraph --><p><strong class=\"privacy-policy-tutorial\">Suggested text: <\/strong>If you leave a comment, the comment and its metadata are retained indefinitely. This is so we can recognize and approve any follow-up comments automatically instead of holding them in a moderation queue.<\/p><!-- \/wp:paragraph --><!-- wp:paragraph --><p>For users that register on our website (if any), we also store the personal information they provide in their user profile. All users can see, edit, or delete their personal information at any time (except they cannot change their username). Website administrators can also see and edit that information.<\/p><!-- \/wp:paragraph --><!-- wp:heading --><h2>What rights you have over your data<\/h2><!-- \/wp:heading --><!-- wp:paragraph --><p><strong class=\"privacy-policy-tutorial\">Suggested text: <\/strong>If you have an account on this site, or have left comments, you can request to receive an exported file of the personal data we hold about you, including any data you have provided to us. You can also request that we erase any personal data we hold about you. This does not include any data we are obliged to keep for administrative, legal, or security purposes.<\/p><!-- \/wp:paragraph --><!-- wp:heading --><h2>Where we send your data<\/h2><!-- \/wp:heading --><!-- wp:paragraph --><p><strong class=\"privacy-policy-tutorial\">Suggested text: <\/strong>Visitor comments may be checked through an automated spam detection service.<\/p><!-- \/wp:paragraph -->","_et_gb_content_width":"","footnotes":""},"class_list":["post-3","page","type-page","status-publish","hentry"],"_links":{"self":[{"href":"https:\/\/www.personalphotographerflorence.com\/en\/wp-json\/wp\/v2\/pages\/3","targetHints":{"allow":["GET"]}}],"collection":[{"href":"https:\/\/www.personalphotographerflorence.com\/en\/wp-json\/wp\/v2\/pages"}],"about":[{"href":"https:\/\/www.personalphotographerflorence.com\/en\/wp-json\/wp\/v2\/types\/page"}],"author":[{"embeddable":true,"href":"https:\/\/www.personalphotographerflorence.com\/en\/wp-json\/wp\/v2\/users\/1"}],"replies":[{"embeddable":true,"href":"https:\/\/www.personalphotographerflorence.com\/en\/wp-json\/wp\/v2\/comments?post=3"}],"version-history":[{"count":2,"href":"https:\/\/www.personalphotographerflorence.com\/en\/wp-json\/wp\/v2\/pages\/3\/revisions"}],"predecessor-version":[{"id":25746,"href":"https:\/\/www.personalphotographerflorence.com\/en\/wp-json\/wp\/v2\/pages\/3\/revisions\/25746"}],"wp:attachment":[{"href":"https:\/\/www.personalphotographerflorence.com\/en\/wp-json\/wp\/v2\/media?parent=3"}],"curies":[{"name":"wp","href":"https:\/\/api.w.org\/{rel}","templated":true}]}}